{"id":162,"date":"2023-09-20T17:47:02","date_gmt":"2023-09-20T15:47:02","guid":{"rendered":"https:\/\/philippeturbin.fr\/?page_id=162"},"modified":"2024-01-24T15:43:11","modified_gmt":"2024-01-24T14:43:11","slug":"duo-turbin-le-pallec","status":"publish","type":"page","link":"https:\/\/philippeturbin.fr\/index.php\/duo-turbin-le-pallec\/","title":{"rendered":"Duo Turbin\/Lepallec"},"content":{"rendered":"\n<figure class=\"wp-block-image size-large\"><img loading=\"lazy\" decoding=\"async\" width=\"1024\" height=\"541\" src=\"https:\/\/philippeturbin.fr\/wp-content\/uploads\/2023\/09\/TurbinLePallec-1024x541.png\" alt=\"\" class=\"wp-image-168\" srcset=\"https:\/\/philippeturbin.fr\/wp-content\/uploads\/2023\/09\/TurbinLePallec-1024x541.png 1024w, https:\/\/philippeturbin.fr\/wp-content\/uploads\/2023\/09\/TurbinLePallec-300x159.png 300w, https:\/\/philippeturbin.fr\/wp-content\/uploads\/2023\/09\/TurbinLePallec-768x406.png 768w, https:\/\/philippeturbin.fr\/wp-content\/uploads\/2023\/09\/TurbinLePallec-1536x812.png 1536w, https:\/\/philippeturbin.fr\/wp-content\/uploads\/2023\/09\/TurbinLePallec-1140x603.png 1140w, https:\/\/philippeturbin.fr\/wp-content\/uploads\/2023\/09\/TurbinLePallec.png 1740w\" sizes=\"auto, (max-width: 1024px) 100vw, 1024px\" \/><\/figure>\n\n\n\n<figure class=\"wp-block-image size-large\"><img decoding=\"async\" src=\"https:\/\/philippeturbin.fr\/wp-content\/uploads\/2024\/01\/ND47091-Modifier-scaled.jpg\" alt=\"\"\/><\/figure>\n\n\n\n<figure class=\"wp-block-image size-large\"><img loading=\"lazy\" decoding=\"async\" width=\"1024\" height=\"682\" src=\"https:\/\/philippeturbin.fr\/wp-content\/uploads\/2024\/01\/ND47179-1024x682.jpg\" alt=\"\" class=\"wp-image-413\" srcset=\"https:\/\/philippeturbin.fr\/wp-content\/uploads\/2024\/01\/ND47179-1024x682.jpg 1024w, https:\/\/philippeturbin.fr\/wp-content\/uploads\/2024\/01\/ND47179-300x200.jpg 300w, https:\/\/philippeturbin.fr\/wp-content\/uploads\/2024\/01\/ND47179-768x511.jpg 768w, https:\/\/philippeturbin.fr\/wp-content\/uploads\/2024\/01\/ND47179-1536x1022.jpg 1536w, https:\/\/philippeturbin.fr\/wp-content\/uploads\/2024\/01\/ND47179-2048x1363.jpg 2048w, https:\/\/philippeturbin.fr\/wp-content\/uploads\/2024\/01\/ND47179-1140x759.jpg 1140w\" sizes=\"auto, (max-width: 1024px) 100vw, 1024px\" \/><\/figure>\n\n\n\n<figure class=\"wp-block-image size-large\"><img loading=\"lazy\" decoding=\"async\" width=\"682\" height=\"1024\" src=\"https:\/\/philippeturbin.fr\/wp-content\/uploads\/2024\/01\/ND47118-682x1024.jpg\" alt=\"\" class=\"wp-image-408\" srcset=\"https:\/\/philippeturbin.fr\/wp-content\/uploads\/2024\/01\/ND47118-682x1024.jpg 682w, https:\/\/philippeturbin.fr\/wp-content\/uploads\/2024\/01\/ND47118-200x300.jpg 200w, https:\/\/philippeturbin.fr\/wp-content\/uploads\/2024\/01\/ND47118-768x1154.jpg 768w, https:\/\/philippeturbin.fr\/wp-content\/uploads\/2024\/01\/ND47118-1022x1536.jpg 1022w, https:\/\/philippeturbin.fr\/wp-content\/uploads\/2024\/01\/ND47118-1363x2048.jpg 1363w, https:\/\/philippeturbin.fr\/wp-content\/uploads\/2024\/01\/ND47118-1140x1713.jpg 1140w, https:\/\/philippeturbin.fr\/wp-content\/uploads\/2024\/01\/ND47118-scaled.jpg 1704w\" sizes=\"auto, (max-width: 682px) 100vw, 682px\" \/><\/figure>\n\n\n\n<figure class=\"wp-block-image size-large\"><img loading=\"lazy\" decoding=\"async\" width=\"1024\" height=\"682\" src=\"https:\/\/philippeturbin.fr\/wp-content\/uploads\/2024\/01\/ND47125-Modifier-1024x682.jpg\" alt=\"\" class=\"wp-image-409\" srcset=\"https:\/\/philippeturbin.fr\/wp-content\/uploads\/2024\/01\/ND47125-Modifier-1024x682.jpg 1024w, https:\/\/philippeturbin.fr\/wp-content\/uploads\/2024\/01\/ND47125-Modifier-300x200.jpg 300w, https:\/\/philippeturbin.fr\/wp-content\/uploads\/2024\/01\/ND47125-Modifier-768x511.jpg 768w, https:\/\/philippeturbin.fr\/wp-content\/uploads\/2024\/01\/ND47125-Modifier-1536x1022.jpg 1536w, https:\/\/philippeturbin.fr\/wp-content\/uploads\/2024\/01\/ND47125-Modifier-2048x1363.jpg 2048w, https:\/\/philippeturbin.fr\/wp-content\/uploads\/2024\/01\/ND47125-Modifier-1140x759.jpg 1140w\" sizes=\"auto, (max-width: 1024px) 100vw, 1024px\" \/><\/figure>\n\n\n\n <div id=\"wrapperMI_0\" class=\"wrap-mjp nostop flip \" style=\"position: relative; padding:5px 0px 30px 0px; margin:0px; width:100%;\">\n\t<div style=\"display:none;\" class=\"Eabove-mjp\" id=\"Eabove-mjp_0\"><\/div>\n\t <div class=\"subwrap-MI\">\n\t\t <div class=\"jp-innerwrap\">\n\t\t\t <div class=\"innerx\"><\/div>\n\t\t\t <div class=\"innerleft\"><\/div>\n\t\t\t <div class=\"innerright\"><\/div>\n\t\t\t <div class=\"innertab\"><\/div>\n\t\t\t <div class=\"interface-mjp\" style=\"height:120px;\" id=\"interfaceMI_0\">\n\t\t\t\t <div class=\"MI-image Himg left-mjp\" id=\"MI_image_0\" style=\" width:auto; height:120px; overflow:false;\"><\/div>\n\t\t\t\t <div id=\"T_mp3j_0\" class=\"player-track-title right-mjp bold-mjp plain-mjp childNorm-mjp childItalic-mjp\" style=\"left:36px; right:36px;  top:30px;\"><\/div>\n\t\t\t\t <div class=\"bars_holder\">\n\t\t\t\t\t <div class=\"loadMI_mp3j\" id=\"load_mp3j_0\"><\/div>\n\t\t\t\t\t <div class=\"poscolMI_mp3j soften-mjp\" id=\"poscol_mp3j_0\"><\/div>\n\t\t\t\t\t <div class=\"posbarMI_mp3j\" id=\"posbar_mp3j_0\"><\/div>\n\t\t\t\t <\/div>\n\t\t\t\t <div id=\"P-Time-MI_0\" class=\"jp-play-time\"><\/div>\n\t\t\t\t <div id=\"T-Time-MI_0\" class=\"jp-total-time\"><\/div>\n\t\t\t\t <div id=\"statusMI_0\" class=\"statusMI\"><\/div>\n\t\t\t\t <div class=\"transport-MI\"><div class=\"play-mjp\" id=\"playpause_mp3j_0\">Play<\/div><div class=\"stop-mjp\" id=\"stop_mp3j_0\">Stop<\/div><div class=\"next-mjp\" id=\"Next_mp3j_0\">Next&raquo;<\/div><div class=\"prev-mjp\" id=\"Prev_mp3j_0\">&laquo;Prev<\/div><\/div>\n\t\t\t\t <div class=\"buttons-wrap-mjp\" id=\"buttons-wrap-mjp_0\">\n\t\t\t\t\t <div class=\"playlist-toggle-MI\" id=\"playlist-toggle_0\">HIDE PLAYLIST<\/div>\n\t\t\t\t\t <div class=\"mp3j-popout-MI\" id=\"lpp_mp3j_0\" style=\"\"><\/div>\n\t\t\t\t\t \n\t\t\t\t <\/div>\n\t\t\t <\/div>\n\t\t\t <div class=\"mjp-volwrap\">\n\t\t\t\t <div class=\"MIsliderVolume\" id=\"vol_mp3j_0\"><\/div>\n\t\t\t\t <div class=\"innerExt1\" id=\"innerExt1_0\"><\/div>\n\t\t\t\t <div class=\"innerExt2\" id=\"innerExt2_0\"><\/div>\n\t\t\t <\/div>\n\t\t <\/div>\n\t\t <div style=\"display:none;\" class=\"Ebetween-mjp\" id=\"Ebetween-mjp_0\"><\/div>\n\t\t <div class=\"listwrap_mp3j\" id=\"L_mp3j_0\" style=\"overflow:auto; max-height:450px;\"><div class=\"wrapper-mjp\"><div class=\"playlist-colour\"><\/div><div class=\"wrapper-mjp\"><ul class=\"ul-mjp childNorm-mjp childPlain-mjp left-mjp\" id=\"UL_mp3j_0\"><li><\/li><\/ul><\/div><\/div><\/div>\n\t <\/div>\n\t <div id=\"mp3j_finfo_0\" class=\"mp3j-finfo\" style=\"display:none;\"><div class=\"mp3j-finfo-sleeve\"><div id=\"mp3j_finfo_gif_0\" class=\"mp3j-finfo-gif\"><\/div><div id=\"mp3j_finfo_txt_0\" class=\"mp3j-finfo-txt\"><\/div><div class=\"mp3j-finfo-close\" id=\"mp3j_finfo_close_0\">X<\/div><\/div><\/div><div id=\"mp3j_dlf_0\" class=\"mp3j-dlframe\" style=\"display:none;\"><\/div>\n\t <div class=\"mp3j-nosolution\" id=\"mp3j_nosolution_0\" style=\"display:none;\"><\/div>\n\t <div style=\"display:none;\" class=\"Ebelow-mjp\" id=\"Ebelow-mjp_0\"><\/div>\n <\/div> \n<script>\nMP3jPLAYLISTS.MI_0 = [\n\t{ name: \"1. Low Tech\", formats: [\"mp3\"], mp3: \"aHR0cHM6Ly9waGlsaXBwZXR1cmJpbi5mci93cC1jb250ZW50L3VwbG9hZHMvMjAyMy8wOS9Mb3ctVGVjaC5tcDM=\", counterpart:\"\", artist: \"Duo Turbin \/ Lepallec\", image: \"false\", imgurl: \"\" },\n\t{ name: \"2. Kapital pression (extrait)\", formats: [\"mp3\"], mp3: \"aHR0cHM6Ly9waGlsaXBwZXR1cmJpbi5mci93cC1jb250ZW50L3VwbG9hZHMvMjAyMy8wOS8wMi1LYXBpdGFsLXByZXNzaW9uLWV4dHJhaXQubXAz\", counterpart:\"\", artist: \"Duo Turbin \/ Lepallec\", image: \"false\", imgurl: \"\" },\n\t{ name: \"3. Vue de l'esprit (extrait)\", formats: [\"mp3\"], mp3: \"aHR0cHM6Ly9waGlsaXBwZXR1cmJpbi5mci93cC1jb250ZW50L3VwbG9hZHMvMjAyMy8wOS8wMy1WdWUtZGUtbGVzcHJpdC1leHRyYWl0Lm1wMw==\", counterpart:\"\", artist: \"Duo Turbin \/ Lepallec\", image: \"false\", imgurl: \"\" }\n];\n<\/script>\n\n<script>MP3jPLAYERS[0] = { list:MP3jPLAYLISTS.MI_0, tr:0, type:'MI', lstate:true, loop:false, play_txt:'Play', pause_txt:'Pause', pp_title:'Philippe Turbin', autoplay:false, download:false, vol:100, height:120, cssclass:'nostop flip ', popout_css:{ enabled:true, \t\t\tcolours: [\"#f0f0f0\", \"rgba(0, 0, 0, 0.18)\", \"rgba(167, 167, 167, 0.55)\", \"rgba(49, 49, 49, 0.64)\", \"rgba(0, 180, 37, 0.91)\", \"#d3d3d3\", \"#d8d8d8\", \"#3d3232\", \"#262120\", \"#262120\", \"#11912b\", \"\/\", 400, 600 ],\n\t\t\tcssInterface: { \"color\": \"#3d3232\" },\n\t\t\tcssTitle: { \"left\": \"36px\", \"right\":\"36px\", \"top\":\"30px\" },\n\t\t\tcssImage: { \"overflow\": \"false\", \"width\":\"auto\", \"height\":\"120px\"  },\n\t\t\tcssFontSize: { \"title\": \"22px\", \"caption\": \"15.4px\", \"list\": \"18px\" },\n\t\t\tclasses: { interface:'', title:' right-mjp bold-mjp plain-mjp childNorm-mjp childItalic-mjp', image:' Himg left-mjp', poscol:' soften-mjp', ul:' childNorm-mjp childPlain-mjp left-mjp' }} };<\/script>\n\n\n\n\n\n<p>Ils se sont retrouv\u00e9s alors qu&rsquo;ils manifestaient <em>\u00ab la musique interdite \u00bb<\/em> lors du confinement.<\/p>\n\n\n\n<p>Une rencontre improbable, tant leurs parcours musicaux diff\u00e8rent :<\/p>\n\n\n\n<p><strong>Philippe Turbin<\/strong>, pianiste \u00e9clectique, compagnon de route de Gilles Servat et de beaucoup d\u2019autres (Jazz, musiques du monde etc&#8230;).<\/p>\n\n\n\n<p><strong>Bernard Lepallec<\/strong>, saxophoniste, compositeur, sur une ligne de cr\u00eate entre musique improvis\u00e9e et contemporaine.<\/p>\n\n\n\n<p>Curieux l&rsquo;un de l\u2019autre, ils se lancent dans un r\u00e9pertoire de compositions originales, qui r\u00e9unit le lyrisme parfois rageur du sax dans les accords \u00e9tir\u00e9s du piano.<\/p>\n\n\n\n<p>Avec des titres comme <strong>\u00ab Kapital Pression \u00bb <\/strong>ou <strong>\u00ab Vue de l\u2019esprit \u00bb<\/strong>, on se doute de quel c\u00f4t\u00e9 de la barricade ils se trouvent !<\/p>\n\n\n\n<p>Dur\u00e9e du concert : 1h<br>Pour plus de d\u00e9tails, n\u2019h\u00e9sitez pas \u00e0 nous contacter :<\/p>\n\n\n\n<p><strong>Philippe Turbin <\/strong>: 06 81 87 54 78  \u2022 <a href=\"mailto:contact@philippeturbin.fr\">contact@philippeturbin.fr<\/a> <br>Site internet : <strong><a href=\"http:\/\/www.philippeturbin.fr\">www.philippeturbin<\/a><a href=\"http:\/\/www.philippeturbin.fr\" target=\"_blank\" rel=\"noreferrer noopener\">.fr<\/a><\/strong><\/p>\n\n\n\n<p><strong>Bernard Lepallec <\/strong>: 02 96 55 45 31 <br>Site internet : <strong><a href=\"http:\/\/www.ar-jaz.org\">www.ar-jaz.o<\/a><a href=\"http:\/\/www.ar-jaz.org\" target=\"_blank\" rel=\"noreferrer noopener\">rg<\/a><\/strong><\/p>\n\n\n<p><iframe loading=\"lazy\" title=\"Duo Turbin \/ Lepallec\" width=\"960\" height=\"540\" src=\"https:\/\/www.youtube.com\/embed\/Jgva1WOfl_s?feature=oembed\" frameborder=\"0\" allow=\"accelerometer; autoplay; clipboard-write; encrypted-media; gyroscope; picture-in-picture; web-share\" allowfullscreen><\/iframe><\/p>\n\n\n\n<div class=\"wp-block-file\"><a id=\"wp-block-file--media-a112f6df-fde2-4250-a87d-98f0918dc9aa\" href=\"https:\/\/philippeturbin.fr\/wp-content\/uploads\/2023\/09\/PHOTOS-1.zip\">PHOTOS<\/a><a href=\"https:\/\/philippeturbin.fr\/wp-content\/uploads\/2023\/09\/PHOTOS-1.zip\" class=\"wp-block-file__button wp-element-button\" download aria-describedby=\"wp-block-file--media-a112f6df-fde2-4250-a87d-98f0918dc9aa\">T\u00e9l\u00e9charger<\/a><\/div>\n\n\n","protected":false},"excerpt":{"rendered":"<p>Ils se sont retrouv\u00e9s alors qu&rsquo;ils manifestaient \u00ab la musique interdite \u00bb lors du confinement. Une rencontre improbable, tant leurs parcours musicaux diff\u00e8rent : Philippe Turbin, pianiste \u00e9clectique, compagnon de route de Gilles Servat et de beaucoup d\u2019autres (Jazz, musiques du monde etc&#8230;). Bernard Lepallec, saxophoniste, compositeur, sur une ligne de cr\u00eate entre musique improvis\u00e9e et contemporaine. Curieux l&rsquo;un de l\u2019autre, ils se lancent dans un r\u00e9pertoire de compositions originales, qui r\u00e9unit le lyrisme parfois rageur du sax dans les accords \u00e9tir\u00e9s du piano. Avec des titres comme \u00ab Kapital Pression \u00bb ou \u00ab Vue de l\u2019esprit \u00bb, on se doute de quel c\u00f4t\u00e9 de la barricade ils se trouvent ! Dur\u00e9e du concert : 1hPour plus de d\u00e9tails, n\u2019h\u00e9sitez pas \u00e0 nous contacter : Philippe Turbin : 06 81 87 54 78 \u2022 contact@philippeturbin.fr Site internet : www.philippeturbin.fr Bernard Lepallec : 02 96 55 45 31 Site internet : www.ar-jaz.org<\/p>\n","protected":false},"author":1,"featured_media":0,"parent":0,"menu_order":0,"comment_status":"closed","ping_status":"closed","template":"","meta":{"footnotes":""},"class_list":["post-162","page","type-page","status-publish","hentry"],"yoast_head":"<!-- This site is optimized with the Yoast SEO plugin v21.4 - https:\/\/yoast.com\/wordpress\/plugins\/seo\/ -->\n<title>Duo Turbin\/Lepallec - Philippe Turbin<\/title>\n<meta name=\"robots\" content=\"index, follow, max-snippet:-1, max-image-preview:large, max-video-preview:-1\" \/>\n<link rel=\"canonical\" href=\"https:\/\/philippeturbin.fr\/index.php\/duo-turbin-le-pallec\/\" \/>\n<meta property=\"og:locale\" content=\"fr_FR\" \/>\n<meta property=\"og:type\" content=\"article\" \/>\n<meta property=\"og:title\" content=\"Duo Turbin\/Lepallec - Philippe Turbin\" \/>\n<meta property=\"og:description\" content=\"Ils se sont retrouv\u00e9s alors qu&rsquo;ils manifestaient \u00ab la musique interdite \u00bb lors du confinement. Une rencontre improbable, tant leurs parcours musicaux diff\u00e8rent : Philippe Turbin, pianiste \u00e9clectique, compagnon de route de Gilles Servat et de beaucoup d\u2019autres (Jazz, musiques du monde etc&#8230;). Bernard Lepallec, saxophoniste, compositeur, sur une ligne de cr\u00eate entre musique improvis\u00e9e et contemporaine. Curieux l&rsquo;un de l\u2019autre, ils se lancent dans un r\u00e9pertoire de compositions originales, qui r\u00e9unit le lyrisme parfois rageur du sax dans les accords \u00e9tir\u00e9s du piano. Avec des titres comme \u00ab Kapital Pression \u00bb ou \u00ab Vue de l\u2019esprit \u00bb, on se doute de quel c\u00f4t\u00e9 de la barricade ils se trouvent ! Dur\u00e9e du concert : 1hPour plus de d\u00e9tails, n\u2019h\u00e9sitez pas \u00e0 nous contacter : Philippe Turbin : 06 81 87 54 78 \u2022 contact@philippeturbin.fr Site internet : www.philippeturbin.fr Bernard Lepallec : 02 96 55 45 31 Site internet : www.ar-jaz.org\" \/>\n<meta property=\"og:url\" content=\"https:\/\/philippeturbin.fr\/index.php\/duo-turbin-le-pallec\/\" \/>\n<meta property=\"og:site_name\" content=\"Philippe Turbin\" \/>\n<meta property=\"article:publisher\" content=\"https:\/\/www.facebook.com\/philippe.turbin.9\" \/>\n<meta property=\"article:modified_time\" content=\"2024-01-24T14:43:11+00:00\" \/>\n<meta property=\"og:image\" content=\"https:\/\/philippeturbin.fr\/wp-content\/uploads\/2023\/09\/TurbinLePallec-1024x541.png\" \/>\n<meta name=\"twitter:card\" content=\"summary_large_image\" \/>\n<meta name=\"twitter:label1\" content=\"Dur\u00e9e de lecture estim\u00e9e\" \/>\n\t<meta name=\"twitter:data1\" content=\"2 minutes\" \/>\n<script type=\"application\/ld+json\" class=\"yoast-schema-graph\">{\"@context\":\"https:\/\/schema.org\",\"@graph\":[{\"@type\":\"WebPage\",\"@id\":\"https:\/\/philippeturbin.fr\/index.php\/duo-turbin-le-pallec\/\",\"url\":\"https:\/\/philippeturbin.fr\/index.php\/duo-turbin-le-pallec\/\",\"name\":\"Duo Turbin\/Lepallec - Philippe Turbin\",\"isPartOf\":{\"@id\":\"https:\/\/philippeturbin.fr\/#website\"},\"datePublished\":\"2023-09-20T15:47:02+00:00\",\"dateModified\":\"2024-01-24T14:43:11+00:00\",\"breadcrumb\":{\"@id\":\"https:\/\/philippeturbin.fr\/index.php\/duo-turbin-le-pallec\/#breadcrumb\"},\"inLanguage\":\"fr-FR\",\"potentialAction\":[{\"@type\":\"ReadAction\",\"target\":[\"https:\/\/philippeturbin.fr\/index.php\/duo-turbin-le-pallec\/\"]}]},{\"@type\":\"BreadcrumbList\",\"@id\":\"https:\/\/philippeturbin.fr\/index.php\/duo-turbin-le-pallec\/#breadcrumb\",\"itemListElement\":[{\"@type\":\"ListItem\",\"position\":1,\"name\":\"Accueil\",\"item\":\"https:\/\/philippeturbin.fr\/\"},{\"@type\":\"ListItem\",\"position\":2,\"name\":\"Duo Turbin\/Lepallec\"}]},{\"@type\":\"WebSite\",\"@id\":\"https:\/\/philippeturbin.fr\/#website\",\"url\":\"https:\/\/philippeturbin.fr\/\",\"name\":\"Philippe Turbin\",\"description\":\"\",\"publisher\":{\"@id\":\"https:\/\/philippeturbin.fr\/#organization\"},\"alternateName\":\"Philippe Turbin, pianiste\",\"potentialAction\":[{\"@type\":\"SearchAction\",\"target\":{\"@type\":\"EntryPoint\",\"urlTemplate\":\"https:\/\/philippeturbin.fr\/?s={search_term_string}\"},\"query-input\":\"required name=search_term_string\"}],\"inLanguage\":\"fr-FR\"},{\"@type\":\"Organization\",\"@id\":\"https:\/\/philippeturbin.fr\/#organization\",\"name\":\"Philippe Turbin\",\"url\":\"https:\/\/philippeturbin.fr\/\",\"logo\":{\"@type\":\"ImageObject\",\"inLanguage\":\"fr-FR\",\"@id\":\"https:\/\/philippeturbin.fr\/#\/schema\/logo\/image\/\",\"url\":\"https:\/\/philippeturbin.fr\/wp-content\/uploads\/2023\/09\/cropped-PhilippeTurbin06bdef.jpg\",\"contentUrl\":\"https:\/\/philippeturbin.fr\/wp-content\/uploads\/2023\/09\/cropped-PhilippeTurbin06bdef.jpg\",\"width\":1600,\"height\":230,\"caption\":\"Philippe Turbin\"},\"image\":{\"@id\":\"https:\/\/philippeturbin.fr\/#\/schema\/logo\/image\/\"},\"sameAs\":[\"https:\/\/www.facebook.com\/philippe.turbin.9\"]}]}<\/script>\n<!-- \/ Yoast SEO plugin. -->","yoast_head_json":{"title":"Duo Turbin\/Lepallec - Philippe Turbin","robots":{"index":"index","follow":"follow","max-snippet":"max-snippet:-1","max-image-preview":"max-image-preview:large","max-video-preview":"max-video-preview:-1"},"canonical":"https:\/\/philippeturbin.fr\/index.php\/duo-turbin-le-pallec\/","og_locale":"fr_FR","og_type":"article","og_title":"Duo Turbin\/Lepallec - Philippe Turbin","og_description":"Ils se sont retrouv\u00e9s alors qu&rsquo;ils manifestaient \u00ab la musique interdite \u00bb lors du confinement. Une rencontre improbable, tant leurs parcours musicaux diff\u00e8rent : Philippe Turbin, pianiste \u00e9clectique, compagnon de route de Gilles Servat et de beaucoup d\u2019autres (Jazz, musiques du monde etc&#8230;). Bernard Lepallec, saxophoniste, compositeur, sur une ligne de cr\u00eate entre musique improvis\u00e9e et contemporaine. Curieux l&rsquo;un de l\u2019autre, ils se lancent dans un r\u00e9pertoire de compositions originales, qui r\u00e9unit le lyrisme parfois rageur du sax dans les accords \u00e9tir\u00e9s du piano. Avec des titres comme \u00ab Kapital Pression \u00bb ou \u00ab Vue de l\u2019esprit \u00bb, on se doute de quel c\u00f4t\u00e9 de la barricade ils se trouvent ! Dur\u00e9e du concert : 1hPour plus de d\u00e9tails, n\u2019h\u00e9sitez pas \u00e0 nous contacter : Philippe Turbin : 06 81 87 54 78 \u2022 contact@philippeturbin.fr Site internet : www.philippeturbin.fr Bernard Lepallec : 02 96 55 45 31 Site internet : www.ar-jaz.org","og_url":"https:\/\/philippeturbin.fr\/index.php\/duo-turbin-le-pallec\/","og_site_name":"Philippe Turbin","article_publisher":"https:\/\/www.facebook.com\/philippe.turbin.9","article_modified_time":"2024-01-24T14:43:11+00:00","og_image":[{"url":"https:\/\/philippeturbin.fr\/wp-content\/uploads\/2023\/09\/TurbinLePallec-1024x541.png"}],"twitter_card":"summary_large_image","twitter_misc":{"Dur\u00e9e de lecture estim\u00e9e":"2 minutes"},"schema":{"@context":"https:\/\/schema.org","@graph":[{"@type":"WebPage","@id":"https:\/\/philippeturbin.fr\/index.php\/duo-turbin-le-pallec\/","url":"https:\/\/philippeturbin.fr\/index.php\/duo-turbin-le-pallec\/","name":"Duo Turbin\/Lepallec - Philippe Turbin","isPartOf":{"@id":"https:\/\/philippeturbin.fr\/#website"},"datePublished":"2023-09-20T15:47:02+00:00","dateModified":"2024-01-24T14:43:11+00:00","breadcrumb":{"@id":"https:\/\/philippeturbin.fr\/index.php\/duo-turbin-le-pallec\/#breadcrumb"},"inLanguage":"fr-FR","potentialAction":[{"@type":"ReadAction","target":["https:\/\/philippeturbin.fr\/index.php\/duo-turbin-le-pallec\/"]}]},{"@type":"BreadcrumbList","@id":"https:\/\/philippeturbin.fr\/index.php\/duo-turbin-le-pallec\/#breadcrumb","itemListElement":[{"@type":"ListItem","position":1,"name":"Accueil","item":"https:\/\/philippeturbin.fr\/"},{"@type":"ListItem","position":2,"name":"Duo Turbin\/Lepallec"}]},{"@type":"WebSite","@id":"https:\/\/philippeturbin.fr\/#website","url":"https:\/\/philippeturbin.fr\/","name":"Philippe Turbin","description":"","publisher":{"@id":"https:\/\/philippeturbin.fr\/#organization"},"alternateName":"Philippe Turbin, pianiste","potentialAction":[{"@type":"SearchAction","target":{"@type":"EntryPoint","urlTemplate":"https:\/\/philippeturbin.fr\/?s={search_term_string}"},"query-input":"required name=search_term_string"}],"inLanguage":"fr-FR"},{"@type":"Organization","@id":"https:\/\/philippeturbin.fr\/#organization","name":"Philippe Turbin","url":"https:\/\/philippeturbin.fr\/","logo":{"@type":"ImageObject","inLanguage":"fr-FR","@id":"https:\/\/philippeturbin.fr\/#\/schema\/logo\/image\/","url":"https:\/\/philippeturbin.fr\/wp-content\/uploads\/2023\/09\/cropped-PhilippeTurbin06bdef.jpg","contentUrl":"https:\/\/philippeturbin.fr\/wp-content\/uploads\/2023\/09\/cropped-PhilippeTurbin06bdef.jpg","width":1600,"height":230,"caption":"Philippe Turbin"},"image":{"@id":"https:\/\/philippeturbin.fr\/#\/schema\/logo\/image\/"},"sameAs":["https:\/\/www.facebook.com\/philippe.turbin.9"]}]}},"_links":{"self":[{"href":"https:\/\/philippeturbin.fr\/index.php\/wp-json\/wp\/v2\/pages\/162","targetHints":{"allow":["GET"]}}],"collection":[{"href":"https:\/\/philippeturbin.fr\/index.php\/wp-json\/wp\/v2\/pages"}],"about":[{"href":"https:\/\/philippeturbin.fr\/index.php\/wp-json\/wp\/v2\/types\/page"}],"author":[{"embeddable":true,"href":"https:\/\/philippeturbin.fr\/index.php\/wp-json\/wp\/v2\/users\/1"}],"replies":[{"embeddable":true,"href":"https:\/\/philippeturbin.fr\/index.php\/wp-json\/wp\/v2\/comments?post=162"}],"version-history":[{"count":21,"href":"https:\/\/philippeturbin.fr\/index.php\/wp-json\/wp\/v2\/pages\/162\/revisions"}],"predecessor-version":[{"id":417,"href":"https:\/\/philippeturbin.fr\/index.php\/wp-json\/wp\/v2\/pages\/162\/revisions\/417"}],"wp:attachment":[{"href":"https:\/\/philippeturbin.fr\/index.php\/wp-json\/wp\/v2\/media?parent=162"}],"curies":[{"name":"wp","href":"https:\/\/api.w.org\/{rel}","templated":true}]}}